{"id":181,"date":"2020-10-20T06:58:00","date_gmt":"2020-10-20T06:58:00","guid":{"rendered":"http:\/\/centrumvilla.hu\/index.php\/works\/"},"modified":"2025-10-08T08:26:26","modified_gmt":"2025-10-08T07:26:26","slug":"works","status":"publish","type":"page","link":"https:\/\/centrumvilla.hu\/index.php\/works\/","title":{"rendered":"Szob\u00e1ink"},"content":{"rendered":"\t\t<div data-elementor-type=\"wp-page\" data-elementor-id=\"181\" class=\"elementor elementor-181\">\n\t\t\t\t\t\t<section class=\"elementor-section elementor-top-section elementor-element elementor-element-beaa070 elementor-section-boxed elementor-section-height-default elementor-section-height-default wpr-particle-no wpr-jarallax-no wpr-parallax-no wpr-sticky-section-no\" data-id=\"beaa070\" data-element_type=\"section\" data-e-type=\"section\">\n\t\t\t\t\t\t<div class=\"elementor-container elementor-column-gap-default\">\n\t\t\t\t\t<div class=\"elementor-column elementor-col-100 elementor-top-column elementor-element elementor-element-7f11d19\" data-id=\"7f11d19\" data-element_type=\"column\" data-e-type=\"column\">\n\t\t\t<div class=\"elementor-widget-wrap elementor-element-populated\">\n\t\t\t\t\t\t<div class=\"elementor-element elementor-element-6a8b8e8 elementor-widget elementor-widget-heading\" data-id=\"6a8b8e8\" data-element_type=\"widget\" data-e-type=\"widget\" data-widget_type=\"heading.default\">\n\t\t\t\t<div class=\"elementor-widget-container\">\n\t\t\t\t\t<h2 class=\"elementor-heading-title elementor-size-default\">Hangulatos k\u00f6rnyezet, nyugodt pihen\u00e9s \u00e9s kellemes atmoszf\u00e9ra v\u00e1rja a vend\u00e9geket.<br>V\u00e1laszd ki a sz\u00e1modra ide\u00e1lis szob\u00e1t, \u00e9s \u00e9lvezd a k\u00e9nyelmet, ami t\u00f6k\u00e9letes alapot ny\u00fajt egy eml\u00e9kezetes tart\u00f3zkod\u00e1shoz.<\/h2>\t\t\t\t<\/div>\n\t\t\t\t<\/div>\n\t\t\t\t\t<\/div>\n\t\t<\/div>\n\t\t\t\t\t<\/div>\n\t\t<\/section>\n\t\t\t\t<section class=\"elementor-section elementor-top-section elementor-element elementor-element-faca638 elementor-section-boxed elementor-section-height-default elementor-section-height-default wpr-particle-no wpr-jarallax-no wpr-parallax-no wpr-sticky-section-no\" data-id=\"faca638\" data-element_type=\"section\" data-e-type=\"section\">\n\t\t\t\t\t\t<div class=\"elementor-container elementor-column-gap-default\">\n\t\t\t\t\t<div class=\"elementor-column elementor-col-100 elementor-top-column elementor-element elementor-element-b46b5aa\" data-id=\"b46b5aa\" data-element_type=\"column\" data-e-type=\"column\">\n\t\t\t<div class=\"elementor-widget-wrap elementor-element-populated\">\n\t\t\t\t\t\t<div class=\"elementor-element elementor-element-a16c997 elementor-widget elementor-widget-heading\" data-id=\"a16c997\" data-element_type=\"widget\" data-e-type=\"widget\" data-widget_type=\"heading.default\">\n\t\t\t\t<div class=\"elementor-widget-container\">\n\t\t\t\t\t<h2 class=\"elementor-heading-title elementor-size-default\">1. szoba<\/h2>\t\t\t\t<\/div>\n\t\t\t\t<\/div>\n\t\t\t\t<div class=\"elementor-element elementor-element-e880c0f elementor-widget elementor-widget-text-editor\" data-id=\"e880c0f\" data-element_type=\"widget\" data-e-type=\"widget\" data-widget_type=\"text-editor.default\">\n\t\t\t\t<div class=\"elementor-widget-container\">\n\t\t\t\t\t\t\t\t\t<p>Ez a kellemes, bar\u00e1ts\u00e1gos k\u00e9t\u00e1gyas szoba ide\u00e1lis v\u00e1laszt\u00e1s p\u00e1roknak vagy utaz\u00f3t\u00e1rsaknak. A f\u00fcrd\u0151k\u00e1ddal felszerelt f\u00fcrd\u0151szoba \u00e9s az ingyenes Wi-Fi biztos\u00edtja a k\u00e9nyelmet \u00e9s a gondtalan pihen\u00e9st.<\/p>\t\t\t\t\t\t\t\t<\/div>\n\t\t\t\t<\/div>\n\t\t\t\t\t<\/div>\n\t\t<\/div>\n\t\t\t\t\t<\/div>\n\t\t<\/section>\n\t\t\t\t<section class=\"elementor-section elementor-top-section elementor-element elementor-element-ac6b749 elementor-section-boxed elementor-section-height-default elementor-section-height-default wpr-particle-no wpr-jarallax-no wpr-parallax-no wpr-sticky-section-no\" data-id=\"ac6b749\" data-element_type=\"section\" data-e-type=\"section\">\n\t\t\t\t\t\t<div class=\"elementor-container elementor-column-gap-default\">\n\t\t\t\t\t<div class=\"elementor-column elementor-col-50 elementor-top-column elementor-element elementor-element-6d5d693\" data-id=\"6d5d693\" data-element_type=\"column\" data-e-type=\"column\">\n\t\t\t<div class=\"elementor-widget-wrap elementor-element-populated\">\n\t\t\t\t\t\t<div class=\"elementor-element elementor-element-23dc0ea elementor-widget elementor-widget-image\" data-id=\"23dc0ea\" data-element_type=\"widget\" data-e-type=\"widget\" data-widget_type=\"image.default\">\n\t\t\t\t<div class=\"elementor-widget-container\">\n\t\t\t\t\t\t\t\t\t\t\t\t\t\t\t<img fetchpriority=\"high\" decoding=\"async\" width=\"500\" height=\"500\" src=\"https:\/\/centrumvilla.hu\/wp-content\/uploads\/2025\/09\/12962890-1.jpg\" class=\"attachment-large size-large wp-image-1387\" alt=\"\" srcset=\"https:\/\/centrumvilla.hu\/wp-content\/uploads\/2025\/09\/12962890-1.jpg 500w, https:\/\/centrumvilla.hu\/wp-content\/uploads\/2025\/09\/12962890-1-300x300.jpg 300w, https:\/\/centrumvilla.hu\/wp-content\/uploads\/2025\/09\/12962890-1-150x150.jpg 150w\" sizes=\"(max-width: 500px) 100vw, 500px\" \/>\t\t\t\t\t\t\t\t\t\t\t\t\t\t\t<\/div>\n\t\t\t\t<\/div>\n\t\t\t\t\t<\/div>\n\t\t<\/div>\n\t\t\t\t<div class=\"elementor-column elementor-col-50 elementor-top-column elementor-element elementor-element-6013c71\" data-id=\"6013c71\" data-element_type=\"column\" data-e-type=\"column\">\n\t\t\t<div class=\"elementor-widget-wrap elementor-element-populated\">\n\t\t\t\t\t\t<div class=\"elementor-element elementor-element-2a26918 elementor-widget elementor-widget-image\" data-id=\"2a26918\" data-element_type=\"widget\" data-e-type=\"widget\" data-widget_type=\"image.default\">\n\t\t\t\t<div class=\"elementor-widget-container\">\n\t\t\t\t\t\t\t\t\t\t\t\t\t\t\t<img decoding=\"async\" width=\"500\" height=\"500\" src=\"https:\/\/centrumvilla.hu\/wp-content\/uploads\/2025\/09\/12962891.jpg\" class=\"attachment-large size-large wp-image-1388\" alt=\"\" srcset=\"https:\/\/centrumvilla.hu\/wp-content\/uploads\/2025\/09\/12962891.jpg 500w, https:\/\/centrumvilla.hu\/wp-content\/uploads\/2025\/09\/12962891-300x300.jpg 300w, https:\/\/centrumvilla.hu\/wp-content\/uploads\/2025\/09\/12962891-150x150.jpg 150w\" sizes=\"(max-width: 500px) 100vw, 500px\" \/>\t\t\t\t\t\t\t\t\t\t\t\t\t\t\t<\/div>\n\t\t\t\t<\/div>\n\t\t\t\t\t<\/div>\n\t\t<\/div>\n\t\t\t\t\t<\/div>\n\t\t<\/section>\n\t\t\t\t<section class=\"elementor-section elementor-top-section elementor-element elementor-element-0ac9cfc elementor-section-boxed elementor-section-height-default elementor-section-height-default wpr-particle-no wpr-jarallax-no wpr-parallax-no wpr-sticky-section-no\" data-id=\"0ac9cfc\" data-element_type=\"section\" data-e-type=\"section\">\n\t\t\t\t\t\t<div class=\"elementor-container elementor-column-gap-default\">\n\t\t\t\t\t<div class=\"elementor-column elementor-col-100 elementor-top-column elementor-element elementor-element-7c08007\" data-id=\"7c08007\" data-element_type=\"column\" data-e-type=\"column\">\n\t\t\t<div class=\"elementor-widget-wrap elementor-element-populated\">\n\t\t\t\t\t\t<div class=\"elementor-element elementor-element-6cdeed0 elementor-widget elementor-widget-heading\" data-id=\"6cdeed0\" data-element_type=\"widget\" data-e-type=\"widget\" data-widget_type=\"heading.default\">\n\t\t\t\t<div class=\"elementor-widget-container\">\n\t\t\t\t\t<h2 class=\"elementor-heading-title elementor-size-default\">2. szoba<\/h2>\t\t\t\t<\/div>\n\t\t\t\t<\/div>\n\t\t\t\t<div class=\"elementor-element elementor-element-894ff62 elementor-widget elementor-widget-text-editor\" data-id=\"894ff62\" data-element_type=\"widget\" data-e-type=\"widget\" data-widget_type=\"text-editor.default\">\n\t\t\t\t<div class=\"elementor-widget-container\">\n\t\t\t\t\t\t\t\t\t<p data-start=\"167\" data-end=\"381\">Ez a hangulatos, f\u00f6ldszinti szoba k\u00e9nyelmes francia\u00e1gyat k\u00edn\u00e1l, ide\u00e1lis p\u00e1roknak vagy egy\u00e9ni vend\u00e9geknek. Modern b\u00fatorok, vil\u00e1gos berendez\u00e9s \u00e9s ingyenes Wi-Fi biztos\u00edtj\u00e1k a k\u00e9nyelmes \u00e9s nyugodt pihen\u00e9st.<\/p>\t\t\t\t\t\t\t\t<\/div>\n\t\t\t\t<\/div>\n\t\t\t\t\t<\/div>\n\t\t<\/div>\n\t\t\t\t\t<\/div>\n\t\t<\/section>\n\t\t\t\t<section class=\"elementor-section elementor-top-section elementor-element elementor-element-b5c391e elementor-section-boxed elementor-section-height-default elementor-section-height-default wpr-particle-no wpr-jarallax-no wpr-parallax-no wpr-sticky-section-no\" data-id=\"b5c391e\" data-element_type=\"section\" data-e-type=\"section\">\n\t\t\t\t\t\t<div class=\"elementor-container elementor-column-gap-default\">\n\t\t\t\t\t<div class=\"elementor-column elementor-col-50 elementor-top-column elementor-element elementor-element-a49de3c\" data-id=\"a49de3c\" data-element_type=\"column\" data-e-type=\"column\">\n\t\t\t<div class=\"elementor-widget-wrap elementor-element-populated\">\n\t\t\t\t\t\t<div class=\"elementor-element elementor-element-2ca770f elementor-widget elementor-widget-image\" data-id=\"2ca770f\" data-element_type=\"widget\" data-e-type=\"widget\" data-widget_type=\"image.default\">\n\t\t\t\t<div class=\"elementor-widget-container\">\n\t\t\t\t\t\t\t\t\t\t\t\t\t\t\t<img decoding=\"async\" width=\"500\" height=\"500\" src=\"https:\/\/centrumvilla.hu\/wp-content\/uploads\/2025\/09\/12140684.jpg\" class=\"attachment-large size-large wp-image-1394\" alt=\"\" srcset=\"https:\/\/centrumvilla.hu\/wp-content\/uploads\/2025\/09\/12140684.jpg 500w, https:\/\/centrumvilla.hu\/wp-content\/uploads\/2025\/09\/12140684-300x300.jpg 300w, https:\/\/centrumvilla.hu\/wp-content\/uploads\/2025\/09\/12140684-150x150.jpg 150w\" sizes=\"(max-width: 500px) 100vw, 500px\" \/>\t\t\t\t\t\t\t\t\t\t\t\t\t\t\t<\/div>\n\t\t\t\t<\/div>\n\t\t\t\t\t<\/div>\n\t\t<\/div>\n\t\t\t\t<div class=\"elementor-column elementor-col-50 elementor-top-column elementor-element elementor-element-4f6068c\" data-id=\"4f6068c\" data-element_type=\"column\" data-e-type=\"column\">\n\t\t\t<div class=\"elementor-widget-wrap elementor-element-populated\">\n\t\t\t\t\t\t<div class=\"elementor-element elementor-element-0d37347 elementor-widget elementor-widget-image\" data-id=\"0d37347\" data-element_type=\"widget\" data-e-type=\"widget\" data-widget_type=\"image.default\">\n\t\t\t\t<div class=\"elementor-widget-container\">\n\t\t\t\t\t\t\t\t\t\t\t\t\t\t\t<img loading=\"lazy\" decoding=\"async\" width=\"500\" height=\"500\" src=\"https:\/\/centrumvilla.hu\/wp-content\/uploads\/2025\/09\/12140685.jpg\" class=\"attachment-large size-large wp-image-1393\" alt=\"\" srcset=\"https:\/\/centrumvilla.hu\/wp-content\/uploads\/2025\/09\/12140685.jpg 500w, https:\/\/centrumvilla.hu\/wp-content\/uploads\/2025\/09\/12140685-300x300.jpg 300w, https:\/\/centrumvilla.hu\/wp-content\/uploads\/2025\/09\/12140685-150x150.jpg 150w\" sizes=\"(max-width: 500px) 100vw, 500px\" \/>\t\t\t\t\t\t\t\t\t\t\t\t\t\t\t<\/div>\n\t\t\t\t<\/div>\n\t\t\t\t\t<\/div>\n\t\t<\/div>\n\t\t\t\t\t<\/div>\n\t\t<\/section>\n\t\t\t\t<section class=\"elementor-section elementor-top-section elementor-element elementor-element-cf17c03 elementor-section-boxed elementor-section-height-default elementor-section-height-default wpr-particle-no wpr-jarallax-no wpr-parallax-no wpr-sticky-section-no\" data-id=\"cf17c03\" data-element_type=\"section\" data-e-type=\"section\">\n\t\t\t\t\t\t<div class=\"elementor-container elementor-column-gap-default\">\n\t\t\t\t\t<div class=\"elementor-column elementor-col-100 elementor-top-column elementor-element elementor-element-92972f2\" data-id=\"92972f2\" data-element_type=\"column\" data-e-type=\"column\">\n\t\t\t<div class=\"elementor-widget-wrap elementor-element-populated\">\n\t\t\t\t\t\t<div class=\"elementor-element elementor-element-201ae98 elementor-widget elementor-widget-heading\" data-id=\"201ae98\" data-element_type=\"widget\" data-e-type=\"widget\" data-widget_type=\"heading.default\">\n\t\t\t\t<div class=\"elementor-widget-container\">\n\t\t\t\t\t<h2 class=\"elementor-heading-title elementor-size-default\">3. szoba<\/h2>\t\t\t\t<\/div>\n\t\t\t\t<\/div>\n\t\t\t\t<div class=\"elementor-element elementor-element-f017cf0 elementor-widget elementor-widget-text-editor\" data-id=\"f017cf0\" data-element_type=\"widget\" data-e-type=\"widget\" data-widget_type=\"text-editor.default\">\n\t\t\t\t<div class=\"elementor-widget-container\">\n\t\t\t\t\t\t\t\t\t<p><span style=\"font-size: inherit;\">Ez a f\u00f6ldszinti szoba ide\u00e1lis p\u00e1roknak vagy egy\u00e9ni vend\u00e9geknek. A modern b\u00fatorok, a j\u00f3l felszerelt f\u00fcrd\u0151szoba \u00e9s az ingyenes Wi-Fi biztos\u00edtj\u00e1k a k\u00e9nyelmes, nyugodt pihen\u00e9st, mik\u00f6zben a f\u00f6ldszinti elhelyezked\u00e9s k\u00f6nny\u0171 hozz\u00e1f\u00e9r\u00e9st k\u00edn\u00e1l a sz\u00e1ll\u00e1shely minden r\u00e9sz\u00e9hez.<\/span><\/p>\t\t\t\t\t\t\t\t<\/div>\n\t\t\t\t<\/div>\n\t\t\t\t\t<\/div>\n\t\t<\/div>\n\t\t\t\t\t<\/div>\n\t\t<\/section>\n\t\t\t\t<section class=\"elementor-section elementor-top-section elementor-element elementor-element-686b5e2 elementor-section-boxed elementor-section-height-default elementor-section-height-default wpr-particle-no wpr-jarallax-no wpr-parallax-no wpr-sticky-section-no\" data-id=\"686b5e2\" data-element_type=\"section\" data-e-type=\"section\">\n\t\t\t\t\t\t<div class=\"elementor-container elementor-column-gap-default\">\n\t\t\t\t\t<div class=\"elementor-column elementor-col-50 elementor-top-column elementor-element elementor-element-6762a4d\" data-id=\"6762a4d\" data-element_type=\"column\" data-e-type=\"column\">\n\t\t\t<div class=\"elementor-widget-wrap elementor-element-populated\">\n\t\t\t\t\t\t<div class=\"elementor-element elementor-element-9befab3 elementor-widget elementor-widget-image\" data-id=\"9befab3\" data-element_type=\"widget\" data-e-type=\"widget\" data-widget_type=\"image.default\">\n\t\t\t\t<div class=\"elementor-widget-container\">\n\t\t\t\t\t\t\t\t\t\t\t\t\t\t\t<img loading=\"lazy\" decoding=\"async\" width=\"500\" height=\"500\" src=\"https:\/\/centrumvilla.hu\/wp-content\/uploads\/2025\/09\/12252826.jpg\" class=\"attachment-large size-large wp-image-1397\" alt=\"\" srcset=\"https:\/\/centrumvilla.hu\/wp-content\/uploads\/2025\/09\/12252826.jpg 500w, https:\/\/centrumvilla.hu\/wp-content\/uploads\/2025\/09\/12252826-300x300.jpg 300w, https:\/\/centrumvilla.hu\/wp-content\/uploads\/2025\/09\/12252826-150x150.jpg 150w\" sizes=\"(max-width: 500px) 100vw, 500px\" \/>\t\t\t\t\t\t\t\t\t\t\t\t\t\t\t<\/div>\n\t\t\t\t<\/div>\n\t\t\t\t\t<\/div>\n\t\t<\/div>\n\t\t\t\t<div class=\"elementor-column elementor-col-50 elementor-top-column elementor-element elementor-element-648be04\" data-id=\"648be04\" data-element_type=\"column\" data-e-type=\"column\">\n\t\t\t<div class=\"elementor-widget-wrap elementor-element-populated\">\n\t\t\t\t\t\t<div class=\"elementor-element elementor-element-75b4eb6 elementor-widget elementor-widget-image\" data-id=\"75b4eb6\" data-element_type=\"widget\" data-e-type=\"widget\" data-widget_type=\"image.default\">\n\t\t\t\t<div class=\"elementor-widget-container\">\n\t\t\t\t\t\t\t\t\t\t\t\t\t\t\t<img loading=\"lazy\" decoding=\"async\" width=\"500\" height=\"500\" src=\"https:\/\/centrumvilla.hu\/wp-content\/uploads\/2025\/09\/12252827.jpg\" class=\"attachment-large size-large wp-image-1396\" alt=\"\" srcset=\"https:\/\/centrumvilla.hu\/wp-content\/uploads\/2025\/09\/12252827.jpg 500w, https:\/\/centrumvilla.hu\/wp-content\/uploads\/2025\/09\/12252827-300x300.jpg 300w, https:\/\/centrumvilla.hu\/wp-content\/uploads\/2025\/09\/12252827-150x150.jpg 150w\" sizes=\"(max-width: 500px) 100vw, 500px\" \/>\t\t\t\t\t\t\t\t\t\t\t\t\t\t\t<\/div>\n\t\t\t\t<\/div>\n\t\t\t\t\t<\/div>\n\t\t<\/div>\n\t\t\t\t\t<\/div>\n\t\t<\/section>\n\t\t\t\t<section class=\"elementor-section elementor-top-section elementor-element elementor-element-7cfd43b elementor-section-boxed elementor-section-height-default elementor-section-height-default wpr-particle-no wpr-jarallax-no wpr-parallax-no wpr-sticky-section-no\" data-id=\"7cfd43b\" data-element_type=\"section\" data-e-type=\"section\">\n\t\t\t\t\t\t<div class=\"elementor-container elementor-column-gap-default\">\n\t\t\t\t\t<div class=\"elementor-column elementor-col-100 elementor-top-column elementor-element elementor-element-1407c67\" data-id=\"1407c67\" data-element_type=\"column\" data-e-type=\"column\">\n\t\t\t<div class=\"elementor-widget-wrap elementor-element-populated\">\n\t\t\t\t\t\t<div class=\"elementor-element elementor-element-982dced elementor-widget elementor-widget-heading\" data-id=\"982dced\" data-element_type=\"widget\" data-e-type=\"widget\" data-widget_type=\"heading.default\">\n\t\t\t\t<div class=\"elementor-widget-container\">\n\t\t\t\t\t<h2 class=\"elementor-heading-title elementor-size-default\">4. szoba<\/h2>\t\t\t\t<\/div>\n\t\t\t\t<\/div>\n\t\t\t\t<div class=\"elementor-element elementor-element-8530be6 elementor-widget elementor-widget-text-editor\" data-id=\"8530be6\" data-element_type=\"widget\" data-e-type=\"widget\" data-widget_type=\"text-editor.default\">\n\t\t\t\t<div class=\"elementor-widget-container\">\n\t\t\t\t\t\t\t\t\t<p>Vil\u00e1gos \u00e9s t\u00e1gas szoba francia\u00e1ggyal, t\u00f6k\u00e9letes p\u00e1roknak. A h\u0171t\u0151 \u00e9s az ingyenes Wi-Fi biztos\u00edtja a k\u00e9nyelmet, m\u00edg a st\u00edlusos berendez\u00e9s bar\u00e1ts\u00e1gos \u00e9s otthonos hangulatot teremt.<\/p>\t\t\t\t\t\t\t\t<\/div>\n\t\t\t\t<\/div>\n\t\t\t\t\t<\/div>\n\t\t<\/div>\n\t\t\t\t\t<\/div>\n\t\t<\/section>\n\t\t\t\t<section class=\"elementor-section elementor-top-section elementor-element elementor-element-3335561 elementor-section-boxed elementor-section-height-default elementor-section-height-default wpr-particle-no wpr-jarallax-no wpr-parallax-no wpr-sticky-section-no\" data-id=\"3335561\" data-element_type=\"section\" data-e-type=\"section\">\n\t\t\t\t\t\t<div class=\"elementor-container elementor-column-gap-default\">\n\t\t\t\t\t<div class=\"elementor-column elementor-col-50 elementor-top-column elementor-element elementor-element-77c8f83\" data-id=\"77c8f83\" data-element_type=\"column\" data-e-type=\"column\">\n\t\t\t<div class=\"elementor-widget-wrap elementor-element-populated\">\n\t\t\t\t\t\t<div class=\"elementor-element elementor-element-59b497e elementor-widget elementor-widget-image\" data-id=\"59b497e\" data-element_type=\"widget\" data-e-type=\"widget\" data-widget_type=\"image.default\">\n\t\t\t\t<div class=\"elementor-widget-container\">\n\t\t\t\t\t\t\t\t\t\t\t\t\t\t\t<img loading=\"lazy\" decoding=\"async\" width=\"500\" height=\"500\" src=\"https:\/\/centrumvilla.hu\/wp-content\/uploads\/2025\/09\/12140739.jpg\" class=\"attachment-large size-large wp-image-1399\" alt=\"\" srcset=\"https:\/\/centrumvilla.hu\/wp-content\/uploads\/2025\/09\/12140739.jpg 500w, https:\/\/centrumvilla.hu\/wp-content\/uploads\/2025\/09\/12140739-300x300.jpg 300w, https:\/\/centrumvilla.hu\/wp-content\/uploads\/2025\/09\/12140739-150x150.jpg 150w\" sizes=\"(max-width: 500px) 100vw, 500px\" \/>\t\t\t\t\t\t\t\t\t\t\t\t\t\t\t<\/div>\n\t\t\t\t<\/div>\n\t\t\t\t\t<\/div>\n\t\t<\/div>\n\t\t\t\t<div class=\"elementor-column elementor-col-50 elementor-top-column elementor-element elementor-element-4dc2da5\" data-id=\"4dc2da5\" data-element_type=\"column\" data-e-type=\"column\">\n\t\t\t<div class=\"elementor-widget-wrap elementor-element-populated\">\n\t\t\t\t\t\t<div class=\"elementor-element elementor-element-18dbaf3 elementor-widget elementor-widget-image\" data-id=\"18dbaf3\" data-element_type=\"widget\" data-e-type=\"widget\" data-widget_type=\"image.default\">\n\t\t\t\t<div class=\"elementor-widget-container\">\n\t\t\t\t\t\t\t\t\t\t\t\t\t\t\t<img loading=\"lazy\" decoding=\"async\" width=\"500\" height=\"500\" src=\"https:\/\/centrumvilla.hu\/wp-content\/uploads\/2025\/09\/12962880.jpg\" class=\"attachment-large size-large wp-image-1402\" alt=\"\" srcset=\"https:\/\/centrumvilla.hu\/wp-content\/uploads\/2025\/09\/12962880.jpg 500w, https:\/\/centrumvilla.hu\/wp-content\/uploads\/2025\/09\/12962880-300x300.jpg 300w, https:\/\/centrumvilla.hu\/wp-content\/uploads\/2025\/09\/12962880-150x150.jpg 150w\" sizes=\"(max-width: 500px) 100vw, 500px\" \/>\t\t\t\t\t\t\t\t\t\t\t\t\t\t\t<\/div>\n\t\t\t\t<\/div>\n\t\t\t\t\t<\/div>\n\t\t<\/div>\n\t\t\t\t\t<\/div>\n\t\t<\/section>\n\t\t\t\t<section class=\"elementor-section elementor-top-section elementor-element elementor-element-d70031d elementor-section-boxed elementor-section-height-default elementor-section-height-default wpr-particle-no wpr-jarallax-no wpr-parallax-no wpr-sticky-section-no\" data-id=\"d70031d\" data-element_type=\"section\" data-e-type=\"section\">\n\t\t\t\t\t\t<div class=\"elementor-container elementor-column-gap-default\">\n\t\t\t\t\t<div class=\"elementor-column elementor-col-100 elementor-top-column elementor-element elementor-element-f4641ea\" data-id=\"f4641ea\" data-element_type=\"column\" data-e-type=\"column\">\n\t\t\t<div class=\"elementor-widget-wrap elementor-element-populated\">\n\t\t\t\t\t\t<div class=\"elementor-element elementor-element-f7e3998 elementor-widget elementor-widget-heading\" data-id=\"f7e3998\" data-element_type=\"widget\" data-e-type=\"widget\" data-widget_type=\"heading.default\">\n\t\t\t\t<div class=\"elementor-widget-container\">\n\t\t\t\t\t<h2 class=\"elementor-heading-title elementor-size-default\">5. szoba<\/h2>\t\t\t\t<\/div>\n\t\t\t\t<\/div>\n\t\t\t\t<div class=\"elementor-element elementor-element-860ceba elementor-widget__width-initial elementor-widget elementor-widget-text-editor\" data-id=\"860ceba\" data-element_type=\"widget\" data-e-type=\"widget\" data-widget_type=\"text-editor.default\">\n\t\t\t\t<div class=\"elementor-widget-container\">\n\t\t\t\t\t\t\t\t\t<p>Ez a k\u00e9nyelmes szoba ide\u00e1lis p\u00e1roknak. A francia\u00e1gy mellett saj\u00e1t konyha biztos\u00edtja a f\u00fcggetlen, nyugodt tart\u00f3zkod\u00e1st. Modern b\u00fatorok, h\u0171t\u0151szekr\u00e9ny, TV \u00e9s ingyenes Wi-Fi gondoskodik a komfortos pihen\u00e9sr\u0151l.<\/p>\t\t\t\t\t\t\t\t<\/div>\n\t\t\t\t<\/div>\n\t\t\t\t\t<\/div>\n\t\t<\/div>\n\t\t\t\t\t<\/div>\n\t\t<\/section>\n\t\t\t\t<section class=\"elementor-section elementor-top-section elementor-element elementor-element-8746214 elementor-section-boxed elementor-section-height-default elementor-section-height-default wpr-particle-no wpr-jarallax-no wpr-parallax-no wpr-sticky-section-no\" data-id=\"8746214\" data-element_type=\"section\" data-e-type=\"section\">\n\t\t\t\t\t\t<div class=\"elementor-container elementor-column-gap-default\">\n\t\t\t\t\t<div class=\"elementor-column elementor-col-50 elementor-top-column elementor-element elementor-element-74c5f20\" data-id=\"74c5f20\" data-element_type=\"column\" data-e-type=\"column\">\n\t\t\t<div class=\"elementor-widget-wrap elementor-element-populated\">\n\t\t\t\t\t\t<div class=\"elementor-element elementor-element-cd710c0 elementor-widget elementor-widget-image\" data-id=\"cd710c0\" data-element_type=\"widget\" data-e-type=\"widget\" data-widget_type=\"image.default\">\n\t\t\t\t<div class=\"elementor-widget-container\">\n\t\t\t\t\t\t\t\t\t\t\t\t\t\t\t<img loading=\"lazy\" decoding=\"async\" width=\"500\" height=\"500\" src=\"https:\/\/centrumvilla.hu\/wp-content\/uploads\/2025\/09\/12962852.jpg\" class=\"attachment-large size-large wp-image-1401\" alt=\"\" srcset=\"https:\/\/centrumvilla.hu\/wp-content\/uploads\/2025\/09\/12962852.jpg 500w, https:\/\/centrumvilla.hu\/wp-content\/uploads\/2025\/09\/12962852-300x300.jpg 300w, https:\/\/centrumvilla.hu\/wp-content\/uploads\/2025\/09\/12962852-150x150.jpg 150w\" sizes=\"(max-width: 500px) 100vw, 500px\" \/>\t\t\t\t\t\t\t\t\t\t\t\t\t\t\t<\/div>\n\t\t\t\t<\/div>\n\t\t\t\t\t<\/div>\n\t\t<\/div>\n\t\t\t\t<div class=\"elementor-column elementor-col-50 elementor-top-column elementor-element elementor-element-f372686\" data-id=\"f372686\" data-element_type=\"column\" data-e-type=\"column\">\n\t\t\t<div class=\"elementor-widget-wrap elementor-element-populated\">\n\t\t\t\t\t\t<div class=\"elementor-element elementor-element-cdf4ef3 elementor-widget elementor-widget-image\" data-id=\"cdf4ef3\" data-element_type=\"widget\" data-e-type=\"widget\" data-widget_type=\"image.default\">\n\t\t\t\t<div class=\"elementor-widget-container\">\n\t\t\t\t\t\t\t\t\t\t\t\t\t\t\t<img loading=\"lazy\" decoding=\"async\" width=\"500\" height=\"500\" src=\"https:\/\/centrumvilla.hu\/wp-content\/uploads\/2025\/09\/12142611.jpg\" class=\"attachment-large size-large wp-image-1400\" alt=\"\" srcset=\"https:\/\/centrumvilla.hu\/wp-content\/uploads\/2025\/09\/12142611.jpg 500w, https:\/\/centrumvilla.hu\/wp-content\/uploads\/2025\/09\/12142611-300x300.jpg 300w, https:\/\/centrumvilla.hu\/wp-content\/uploads\/2025\/09\/12142611-150x150.jpg 150w\" sizes=\"(max-width: 500px) 100vw, 500px\" \/>\t\t\t\t\t\t\t\t\t\t\t\t\t\t\t<\/div>\n\t\t\t\t<\/div>\n\t\t\t\t\t<\/div>\n\t\t<\/div>\n\t\t\t\t\t<\/div>\n\t\t<\/section>\n\t\t\t\t<\/div>\n\t\t","protected":false},"excerpt":{"rendered":"<p>Hangulatos k\u00f6rnyezet, nyugodt pihen\u00e9s \u00e9s kellemes atmoszf\u00e9ra v\u00e1rja a vend\u00e9geket.V\u00e1laszd ki a sz\u00e1modra ide\u00e1lis szob\u00e1t, \u00e9s \u00e9lvezd a k\u00e9nyelmet, ami t\u00f6k\u00e9letes alapot ny\u00fajt egy eml\u00e9kezetes tart\u00f3zkod\u00e1shoz. 1. szoba Ez a kellemes, bar\u00e1ts\u00e1gos k\u00e9t\u00e1gyas szoba ide\u00e1lis v\u00e1laszt\u00e1s p\u00e1roknak vagy utaz\u00f3t\u00e1rsaknak. A f\u00fcrd\u0151k\u00e1ddal felszerelt f\u00fcrd\u0151szoba \u00e9s az ingyenes Wi-Fi biztos\u00edtja a k\u00e9nyelmet<\/p>\n","protected":false},"author":1,"featured_media":0,"parent":0,"menu_order":0,"comment_status":"closed","ping_status":"closed","template":"","meta":{"om_disable_all_campaigns":false,"_themeisle_gutenberg_block_has_review":false,"footnotes":""},"class_list":["post-181","page","type-page","status-publish","hentry"],"aioseo_notices":[],"_links":{"self":[{"href":"https:\/\/centrumvilla.hu\/index.php\/wp-json\/wp\/v2\/pages\/181","targetHints":{"allow":["GET"]}}],"collection":[{"href":"https:\/\/centrumvilla.hu\/index.php\/wp-json\/wp\/v2\/pages"}],"about":[{"href":"https:\/\/centrumvilla.hu\/index.php\/wp-json\/wp\/v2\/types\/page"}],"author":[{"embeddable":true,"href":"https:\/\/centrumvilla.hu\/index.php\/wp-json\/wp\/v2\/users\/1"}],"replies":[{"embeddable":true,"href":"https:\/\/centrumvilla.hu\/index.php\/wp-json\/wp\/v2\/comments?post=181"}],"version-history":[{"count":44,"href":"https:\/\/centrumvilla.hu\/index.php\/wp-json\/wp\/v2\/pages\/181\/revisions"}],"predecessor-version":[{"id":1424,"href":"https:\/\/centrumvilla.hu\/index.php\/wp-json\/wp\/v2\/pages\/181\/revisions\/1424"}],"wp:attachment":[{"href":"https:\/\/centrumvilla.hu\/index.php\/wp-json\/wp\/v2\/media?parent=181"}],"curies":[{"name":"wp","href":"https:\/\/api.w.org\/{rel}","templated":true}]}}