{"id":1327,"date":"2025-09-23T11:37:15","date_gmt":"2025-09-23T10:37:15","guid":{"rendered":"https:\/\/centrumvilla.hu\/index.php\/fooldal\/"},"modified":"2025-09-23T12:08:19","modified_gmt":"2025-09-23T11:08:19","slug":"fooldal","status":"publish","type":"page","link":"https:\/\/centrumvilla.hu\/","title":{"rendered":"Kezd\u0151lap"},"content":{"rendered":"\n<div class=\"wp-block-cover alignfull is-light hestia-clear-top-padding\"><span aria-hidden=\"true\" class=\"wp-block-cover__background has-white-background-color has-background-dim-100 has-background-dim\"><\/span><div class=\"wp-block-cover__inner-container is-layout-flow wp-block-cover-is-layout-flow\">\n<h2 class=\"wp-block-heading has-text-align-center has-text-color\" style=\"color:#3c4858\">Programaj\u00e1nl\u00f3<\/h2>\n\n\n\n<div style=\"height:40px\" aria-hidden=\"true\" class=\"wp-block-spacer\"><\/div>\n\n\n\n<div class=\"wp-block-columns container is-layout-flex wp-container-core-columns-is-layout-28f84493 wp-block-columns-is-layout-flex\">\n<div class=\"wp-block-column is-layout-flow wp-block-column-is-layout-flow\"><div class=\"wp-block-image\">\n<figure class=\"aligncenter size-full\"><img fetchpriority=\"high\" decoding=\"async\" width=\"300\" height=\"198\" src=\"https:\/\/centrumvilla.hu\/wp-content\/uploads\/2025\/09\/bormuzeum-300x198-1.jpg\" alt=\"\" class=\"wp-image-1333\"\/><\/figure>\n<\/div>\n\n\n<h5 class=\"wp-block-heading has-text-align-center has-text-color\" style=\"color:#3c4858;font-size:18px\">Vil\u00e1g\u00f6r\u00f6ks\u00e9gi Borm\u00fazeum<\/h5>\n\n\n\n<p class=\"has-text-align-center has-text-color\" style=\"color:#999999;font-size:14px\">A m\u00fazeumba \u00e9rkez\u0151k egy izgalmas interakt\u00edv ki\u00e1ll\u00edt\u00e1son kereszt\u00fcl nem csak Tokaj, Magyarorsz\u00e1g egyetlen vil\u00e1g\u00f6r\u00f6ks\u00e9gi borvid\u00e9k\u00e9t, ismerhetik meg, hanem eg\u00e9sz Eur\u00f3pa ehhez hasonl\u00f3 ter\u00fcleteit.<\/p>\n\n\n\n<div style=\"height:25px\" aria-hidden=\"true\" class=\"wp-block-spacer\"><\/div>\n<\/div>\n\n\n\n<div class=\"wp-block-column is-layout-flow wp-block-column-is-layout-flow\"><div class=\"wp-block-image\">\n<figure class=\"aligncenter size-full\"><img decoding=\"async\" width=\"300\" height=\"200\" src=\"https:\/\/centrumvilla.hu\/wp-content\/uploads\/2025\/09\/fesztivalkatlan-300x200-1.jpg\" alt=\"\" class=\"wp-image-1334\"\/><\/figure>\n<\/div>\n\n\n<h5 class=\"wp-block-heading has-text-align-center has-text-color\" style=\"color:#3c4858;font-size:18px\">Tokaji Fesztiv\u00e1lkatlan<\/h5>\n\n\n\n<p class=\"has-text-align-center has-text-color\" style=\"color:#999999;font-size:14px\">Az egykori b\u00e1nyakatlan hely\u00e9n kialak\u00edtott Fesztiv\u00e1lkatlan, Kelet-Magyarorsz\u00e1g legnagyobb rendezv\u00e9nyhelysz\u00edne. M\u00e1jus k\u00f6zep\u00e9t\u0151l eg\u00e9szen szeptember v\u00e9g\u00e9ig v\u00e1rj\u00e1k az \u00e9rdekl\u0151d\u0151ket a lek\u00fcl\u00f6nf\u00e9l\u00e9bb el\u0151ad\u00e1sokkal, t\u00f6bbek k\u00f6z\u00f6tt musical \u00e9s t\u00e1nc el\u0151ad\u00e1sokkal, koncertekkel, valamint humorestekkel, k\u00fcl\u00f6n\u00f6sk\u00e9ppen a Dumasz\u00ednh\u00e1z Four Stars el\u0151ad\u00e1s\u00e1val.<\/p>\n\n\n\n<div style=\"height:25px\" aria-hidden=\"true\" class=\"wp-block-spacer\"><\/div>\n<\/div>\n\n\n\n<div class=\"wp-block-column is-layout-flow wp-block-column-is-layout-flow\"><div class=\"wp-block-image\">\n<figure class=\"aligncenter size-large is-resized\"><img decoding=\"async\" width=\"1024\" height=\"683\" src=\"https:\/\/centrumvilla.hu\/wp-content\/uploads\/2025\/09\/fd8b0f77d767f1f6640afba6916ff67c_XL-1024x683.jpg\" alt=\"\" class=\"wp-image-1335\" style=\"width:316px;height:auto\" srcset=\"https:\/\/centrumvilla.hu\/wp-content\/uploads\/2025\/09\/fd8b0f77d767f1f6640afba6916ff67c_XL-1024x683.jpg 1024w, https:\/\/centrumvilla.hu\/wp-content\/uploads\/2025\/09\/fd8b0f77d767f1f6640afba6916ff67c_XL-300x200.jpg 300w, https:\/\/centrumvilla.hu\/wp-content\/uploads\/2025\/09\/fd8b0f77d767f1f6640afba6916ff67c_XL-768x512.jpg 768w, https:\/\/centrumvilla.hu\/wp-content\/uploads\/2025\/09\/fd8b0f77d767f1f6640afba6916ff67c_XL-600x400.jpg 600w, https:\/\/centrumvilla.hu\/wp-content\/uploads\/2025\/09\/fd8b0f77d767f1f6640afba6916ff67c_XL-900x600.jpg 900w, https:\/\/centrumvilla.hu\/wp-content\/uploads\/2025\/09\/fd8b0f77d767f1f6640afba6916ff67c_XL-360x240.jpg 360w, https:\/\/centrumvilla.hu\/wp-content\/uploads\/2025\/09\/fd8b0f77d767f1f6640afba6916ff67c_XL.jpg 1170w\" sizes=\"(max-width: 1024px) 100vw, 1024px\" \/><\/figure>\n<\/div>\n\n\n<h5 class=\"wp-block-heading has-text-align-center has-text-color\" style=\"color:#3c4858;font-size:18px\">R\u00e9gi Zsinag\u00f3ga<\/h5>\n\n\n\n<p class=\"has-text-align-center has-text-color\" style=\"color:#999999;font-size:14px\">A kultur\u00e1lis nevezetess\u00e9gek kedvel\u0151inek kiv\u00e1l\u00f3 program lehet a tokaji Kultur\u00e1lis \u00e9s Konferenciak\u00f6zpont megl\u00e1togat\u00e1sa. Az egykori Zsinag\u00f3ga belsej\u00e9ben kialak\u00edtott K\u00f6zpont mag\u00e1ba foglalja a Paulay Ede Sz\u00ednh\u00e1z \u00e9s a Serh\u00e1z \u00e9p\u00fclet\u00e9t is.<\/p>\n\n\n\n<div style=\"height:25px\" aria-hidden=\"true\" class=\"wp-block-spacer\"><\/div>\n<\/div>\n\n\n\n<div class=\"wp-block-column is-layout-flow wp-block-column-is-layout-flow\">\n<figure class=\"wp-block-gallery has-nested-images columns-default is-cropped wp-block-gallery-1 is-layout-flex wp-block-gallery-is-layout-flex\">\n<figure class=\"wp-block-image size-large\"><img loading=\"lazy\" decoding=\"async\" width=\"300\" height=\"200\" data-id=\"1337\" src=\"https:\/\/centrumvilla.hu\/wp-content\/uploads\/2025\/09\/wine-2464116_1280-300x200-1.jpg\" alt=\"\" class=\"wp-image-1337\"\/><\/figure>\n<\/figure>\n\n\n\n<h2 class=\"wp-block-heading has-text-align-center has-text-color\" style=\"color:#3c4858;font-size:18px\">Tokaji Pinc\u00e9szetek<\/h2>\n\n\n\n<p class=\"has-text-align-center has-text-color\" style=\"color:#999999;font-size:14px\">Ismerd meg a vil\u00e1gh\u00edr\u0171 Tokaji borvid\u00e9k egyedi \u00edzeit! A hangulatos borospinc\u00e9kben \u00e9vsz\u00e1zados hagyom\u00e1nyok \u00e9s modern bork\u00e9sz\u00edt\u00e9s tal\u00e1lkozik.<\/p>\n<\/div>\n\n\n\n<div class=\"wp-block-column is-layout-flow wp-block-column-is-layout-flow\">\n<figure class=\"wp-block-gallery has-nested-images columns-default is-cropped wp-block-gallery-2 is-layout-flex wp-block-gallery-is-layout-flex\">\n<figure class=\"wp-block-image size-large\"><img loading=\"lazy\" decoding=\"async\" width=\"300\" height=\"200\" data-id=\"1338\" src=\"https:\/\/centrumvilla.hu\/wp-content\/uploads\/2025\/09\/lake-5795371_1920-300x200-1.jpg\" alt=\"\" class=\"wp-image-1338\"\/><\/figure>\n<\/figure>\n\n\n\n<h2 class=\"wp-block-heading has-text-align-center has-text-color\" style=\"color:#3c4858;font-size:18px\">Tokaj-Bodrogzug T\u00e1jv\u00e9delmi k\u00f6rzet<\/h2>\n\n\n\n<p class=\"has-text-align-center has-text-color\" style=\"color:#999999;font-size:14px\">A Kopasz-hegy illetve a Tisza \u00e9s Bodrog tal\u00e1lkoz\u00e1s\u00e1n\u00e1l l\u00e9v\u0151 Bodrogzug t\u00f6k\u00e9letes mind egy erdei, mind pedig izgalmas v\u00edzi t\u00far\u00e1kra az akt\u00edv pihen\u00e9st kedvel\u0151knek. Tokaj ez\u00e9rt is a legjobb helysz\u00edn erre, hiszen t\u00f6bb lehet\u0151s\u00e9g is van kenu b\u00e9rl\u00e9sre vagy s\u00e9tahaj\u00f3k\u00e1z\u00e1sra is, illetve sz\u00e1mos t\u00fara\u00fatvonal \u00e9s tan\u00f6sv\u00e9ny bej\u00e1r\u00e1s\u00e1ra is.<\/p>\n<\/div>\n<\/div>\n\n\n\n<div style=\"height:40px\" aria-hidden=\"true\" class=\"wp-block-spacer\"><\/div>\n<\/div><\/div>\n\n\n\n<p><\/p>\n","protected":false},"excerpt":{"rendered":"","protected":false},"author":2,"featured_media":0,"parent":0,"menu_order":0,"comment_status":"closed","ping_status":"closed","template":"","meta":{"om_disable_all_campaigns":false,"_themeisle_gutenberg_block_has_review":false,"footnotes":""},"class_list":["post-1327","page","type-page","status-publish","hentry"],"aioseo_notices":[],"_links":{"self":[{"href":"https:\/\/centrumvilla.hu\/index.php\/wp-json\/wp\/v2\/pages\/1327","targetHints":{"allow":["GET"]}}],"collection":[{"href":"https:\/\/centrumvilla.hu\/index.php\/wp-json\/wp\/v2\/pages"}],"about":[{"href":"https:\/\/centrumvilla.hu\/index.php\/wp-json\/wp\/v2\/types\/page"}],"author":[{"embeddable":true,"href":"https:\/\/centrumvilla.hu\/index.php\/wp-json\/wp\/v2\/users\/2"}],"replies":[{"embeddable":true,"href":"https:\/\/centrumvilla.hu\/index.php\/wp-json\/wp\/v2\/comments?post=1327"}],"version-history":[{"count":4,"href":"https:\/\/centrumvilla.hu\/index.php\/wp-json\/wp\/v2\/pages\/1327\/revisions"}],"predecessor-version":[{"id":1342,"href":"https:\/\/centrumvilla.hu\/index.php\/wp-json\/wp\/v2\/pages\/1327\/revisions\/1342"}],"wp:attachment":[{"href":"https:\/\/centrumvilla.hu\/index.php\/wp-json\/wp\/v2\/media?parent=1327"}],"curies":[{"name":"wp","href":"https:\/\/api.w.org\/{rel}","templated":true}]}}